{"id":69,"date":"2026-04-07T22:18:27","date_gmt":"2026-04-07T20:18:27","guid":{"rendered":"https:\/\/szkoly-psb.edu.pl\/?page_id=69"},"modified":"2026-04-07T22:19:56","modified_gmt":"2026-04-07T20:19:56","slug":"matura-2026","status":"publish","type":"page","link":"https:\/\/szkoly-psb.edu.pl\/?page_id=69","title":{"rendered":"MATURA 2026"},"content":{"rendered":"\n<p><strong>CZ\u0118\u015a\u0106 PISEMNA<\/strong> \u2013 (na egzamin przychodzimy 30 minut wcze\u015bniej \u2013losowanie miejsc w salach egzaminacyjnych)<\/p>\n\n\n\n<p>4 maja godzina 9:00&nbsp; j\u0119zyk polski<\/p>\n\n\n\n<p>5 maja godzina 9:00 &#8211;&nbsp; matematyka<\/p>\n\n\n\n<p>6 maja godzina 9:00 \u2013 j\u0119zyk angielski<\/p>\n\n\n\n<p><\/p>\n\n\n\n<p><strong>PREZDMIOTY DODATKOWE \u2013 POZIOM ROZSZERZONY<\/strong><\/p>\n\n\n\n<p>7 maja&nbsp; godzina 9:00 j\u0119zyk angielski<\/p>\n\n\n\n<p>8 maja \u2013 godzina 9\u201d00 \u2013 biologia<\/p>\n\n\n\n<p>13 maja \u2013 godzina 9:00 \u2013 chemia<\/p>\n\n\n\n<p>13 maja godzina 14:00- historia sztuki<\/p>\n\n\n\n<p>14 maja godzina9:00 \u2013informatyka<\/p>\n\n\n\n<p>15 maja godzina 9:00- geografia<\/p>\n\n\n\n<p>18 maja godzina 9:00- historia<\/p>\n\n\n\n<p><\/p>\n\n\n\n<p><strong>EGZAMINY USTNE<\/strong><\/p>\n\n\n\n<p>22 maja od godziny 9:00 &#8211;&nbsp; egzamin ustny z j\u0119zyka angielskiego<\/p>\n\n\n\n<p>26 maja od godziny 9:00 \u2013 egzamin ustny z j\u0119zyka polskiego<\/p>\n\n\n\n<p><\/p>\n","protected":false},"excerpt":{"rendered":"<p>CZ\u0118\u015a\u0106 PISEMNA \u2013 (na egzamin przychodzimy 30 minut wcze\u015bniej \u2013losowanie miejsc w salach egzaminacyjnych) 4 maja godzina 9:00&nbsp; j\u0119zyk polski 5 maja godzina 9:00 &#8211;&nbsp; matematyka 6 maja godzina 9:00 \u2013 j\u0119zyk angielski PREZDMIOTY DODATKOWE \u2013 POZIOM ROZSZERZONY 7 maja&nbsp; godzina 9:00 j\u0119zyk angielski 8 maja \u2013 godzina 9\u201d00 \u2013 biologia 13 maja \u2013 godzina [&hellip;]<\/p>\n","protected":false},"author":1,"featured_media":0,"parent":0,"menu_order":0,"comment_status":"closed","ping_status":"closed","template":"","meta":{"footnotes":""},"class_list":["post-69","page","type-page","status-publish","hentry"],"yoast_head":"<!-- This site is optimized with the Yoast SEO plugin v27.1.1 - https:\/\/yoast.com\/product\/yoast-seo-wordpress\/ -->\n<title>MATURA 2026 - prywatna szko\u0142a biznesu<\/title>\n<meta name=\"robots\" content=\"index, follow, max-snippet:-1, max-image-preview:large, max-video-preview:-1\" \/>\n<link rel=\"canonical\" href=\"https:\/\/szkoly-psb.edu.pl\/?page_id=69\" \/>\n<meta property=\"og:locale\" content=\"en_US\" \/>\n<meta property=\"og:type\" content=\"article\" \/>\n<meta property=\"og:title\" content=\"MATURA 2026 - prywatna szko\u0142a biznesu\" \/>\n<meta property=\"og:description\" content=\"CZ\u0118\u015a\u0106 PISEMNA \u2013 (na egzamin przychodzimy 30 minut wcze\u015bniej \u2013losowanie miejsc w salach egzaminacyjnych) 4 maja godzina 9:00&nbsp; j\u0119zyk polski 5 maja godzina 9:00 &#8211;&nbsp; matematyka 6 maja godzina 9:00 \u2013 j\u0119zyk angielski PREZDMIOTY DODATKOWE \u2013 POZIOM ROZSZERZONY 7 maja&nbsp; godzina 9:00 j\u0119zyk angielski 8 maja \u2013 godzina 9\u201d00 \u2013 biologia 13 maja \u2013 godzina [&hellip;]\" \/>\n<meta property=\"og:url\" content=\"https:\/\/szkoly-psb.edu.pl\/?page_id=69\" \/>\n<meta property=\"og:site_name\" content=\"prywatna szko\u0142a biznesu\" \/>\n<meta property=\"article:modified_time\" content=\"2026-04-07T20:19:56+00:00\" \/>\n<meta name=\"twitter:card\" content=\"summary_large_image\" \/>\n<meta name=\"twitter:label1\" content=\"Est. reading time\" \/>\n\t<meta name=\"twitter:data1\" content=\"1 minute\" \/>\n<script type=\"application\/ld+json\" class=\"yoast-schema-graph\">{\"@context\":\"https:\/\/schema.org\",\"@graph\":[{\"@type\":\"WebPage\",\"@id\":\"https:\/\/szkoly-psb.edu.pl\/?page_id=69\",\"url\":\"https:\/\/szkoly-psb.edu.pl\/?page_id=69\",\"name\":\"MATURA 2026 - prywatna szko\u0142a biznesu\",\"isPartOf\":{\"@id\":\"https:\/\/szkoly-psb.edu.pl\/#website\"},\"datePublished\":\"2026-04-07T20:18:27+00:00\",\"dateModified\":\"2026-04-07T20:19:56+00:00\",\"breadcrumb\":{\"@id\":\"https:\/\/szkoly-psb.edu.pl\/?page_id=69#breadcrumb\"},\"inLanguage\":\"en-US\",\"potentialAction\":[{\"@type\":\"ReadAction\",\"target\":[\"https:\/\/szkoly-psb.edu.pl\/?page_id=69\"]}]},{\"@type\":\"BreadcrumbList\",\"@id\":\"https:\/\/szkoly-psb.edu.pl\/?page_id=69#breadcrumb\",\"itemListElement\":[{\"@type\":\"ListItem\",\"position\":1,\"name\":\"Home\",\"item\":\"https:\/\/szkoly-psb.edu.pl\/\"},{\"@type\":\"ListItem\",\"position\":2,\"name\":\"MATURA 2026\"}]},{\"@type\":\"WebSite\",\"@id\":\"https:\/\/szkoly-psb.edu.pl\/#website\",\"url\":\"https:\/\/szkoly-psb.edu.pl\/\",\"name\":\"prywatna szko\u0142a biznesu\",\"description\":\"\",\"potentialAction\":[{\"@type\":\"SearchAction\",\"target\":{\"@type\":\"EntryPoint\",\"urlTemplate\":\"https:\/\/szkoly-psb.edu.pl\/?s={search_term_string}\"},\"query-input\":{\"@type\":\"PropertyValueSpecification\",\"valueRequired\":true,\"valueName\":\"search_term_string\"}}],\"inLanguage\":\"en-US\"}]}<\/script>\n<!-- \/ Yoast SEO plugin. -->","yoast_head_json":{"title":"MATURA 2026 - prywatna szko\u0142a biznesu","robots":{"index":"index","follow":"follow","max-snippet":"max-snippet:-1","max-image-preview":"max-image-preview:large","max-video-preview":"max-video-preview:-1"},"canonical":"https:\/\/szkoly-psb.edu.pl\/?page_id=69","og_locale":"en_US","og_type":"article","og_title":"MATURA 2026 - prywatna szko\u0142a biznesu","og_description":"CZ\u0118\u015a\u0106 PISEMNA \u2013 (na egzamin przychodzimy 30 minut wcze\u015bniej \u2013losowanie miejsc w salach egzaminacyjnych) 4 maja godzina 9:00&nbsp; j\u0119zyk polski 5 maja godzina 9:00 &#8211;&nbsp; matematyka 6 maja godzina 9:00 \u2013 j\u0119zyk angielski PREZDMIOTY DODATKOWE \u2013 POZIOM ROZSZERZONY 7 maja&nbsp; godzina 9:00 j\u0119zyk angielski 8 maja \u2013 godzina 9\u201d00 \u2013 biologia 13 maja \u2013 godzina [&hellip;]","og_url":"https:\/\/szkoly-psb.edu.pl\/?page_id=69","og_site_name":"prywatna szko\u0142a biznesu","article_modified_time":"2026-04-07T20:19:56+00:00","twitter_card":"summary_large_image","twitter_misc":{"Est. reading time":"1 minute"},"schema":{"@context":"https:\/\/schema.org","@graph":[{"@type":"WebPage","@id":"https:\/\/szkoly-psb.edu.pl\/?page_id=69","url":"https:\/\/szkoly-psb.edu.pl\/?page_id=69","name":"MATURA 2026 - prywatna szko\u0142a biznesu","isPartOf":{"@id":"https:\/\/szkoly-psb.edu.pl\/#website"},"datePublished":"2026-04-07T20:18:27+00:00","dateModified":"2026-04-07T20:19:56+00:00","breadcrumb":{"@id":"https:\/\/szkoly-psb.edu.pl\/?page_id=69#breadcrumb"},"inLanguage":"en-US","potentialAction":[{"@type":"ReadAction","target":["https:\/\/szkoly-psb.edu.pl\/?page_id=69"]}]},{"@type":"BreadcrumbList","@id":"https:\/\/szkoly-psb.edu.pl\/?page_id=69#breadcrumb","itemListElement":[{"@type":"ListItem","position":1,"name":"Home","item":"https:\/\/szkoly-psb.edu.pl\/"},{"@type":"ListItem","position":2,"name":"MATURA 2026"}]},{"@type":"WebSite","@id":"https:\/\/szkoly-psb.edu.pl\/#website","url":"https:\/\/szkoly-psb.edu.pl\/","name":"prywatna szko\u0142a biznesu","description":"","potentialAction":[{"@type":"SearchAction","target":{"@type":"EntryPoint","urlTemplate":"https:\/\/szkoly-psb.edu.pl\/?s={search_term_string}"},"query-input":{"@type":"PropertyValueSpecification","valueRequired":true,"valueName":"search_term_string"}}],"inLanguage":"en-US"}]}},"_links":{"self":[{"href":"https:\/\/szkoly-psb.edu.pl\/index.php?rest_route=\/wp\/v2\/pages\/69","targetHints":{"allow":["GET"]}}],"collection":[{"href":"https:\/\/szkoly-psb.edu.pl\/index.php?rest_route=\/wp\/v2\/pages"}],"about":[{"href":"https:\/\/szkoly-psb.edu.pl\/index.php?rest_route=\/wp\/v2\/types\/page"}],"author":[{"embeddable":true,"href":"https:\/\/szkoly-psb.edu.pl\/index.php?rest_route=\/wp\/v2\/users\/1"}],"replies":[{"embeddable":true,"href":"https:\/\/szkoly-psb.edu.pl\/index.php?rest_route=%2Fwp%2Fv2%2Fcomments&post=69"}],"version-history":[{"count":1,"href":"https:\/\/szkoly-psb.edu.pl\/index.php?rest_route=\/wp\/v2\/pages\/69\/revisions"}],"predecessor-version":[{"id":71,"href":"https:\/\/szkoly-psb.edu.pl\/index.php?rest_route=\/wp\/v2\/pages\/69\/revisions\/71"}],"wp:attachment":[{"href":"https:\/\/szkoly-psb.edu.pl\/index.php?rest_route=%2Fwp%2Fv2%2Fmedia&parent=69"}],"curies":[{"name":"wp","href":"https:\/\/api.w.org\/{rel}","templated":true}]}}